{"id":8,"date":"2020-03-17T19:32:52","date_gmt":"2020-03-17T18:32:52","guid":{"rendered":"http:\/\/www.crearestauracion.es\/pinturaspalio\/?page_id=8"},"modified":"2020-09-07T16:30:01","modified_gmt":"2020-09-07T14:30:01","slug":"home","status":"publish","type":"page","link":"http:\/\/www.crearestauracion.es\/pinturaspalio\/","title":{"rendered":""},"content":{"rendered":"\n<p>Bienvenido. En esta p\u00e1gina podr\u00e1 encontrar informaci\u00f3n sobre la restauraci\u00f3n de la pintura mural del presbiterio, arco triunfal (muros este y oeste, intrad\u00f3s y columna adosadas) y fragmentos en la nave principal y \u00fanica de la iglesia de Santa Baia de Palio, Lal\u00edn (Pontevedra). Cofinanciado por el Fondo Europeo de Desarrollo Regional (80%), en el marco del programa operativo Ferder Galicia 2014-2020.<\/p>\n\n\n\n<p>En este blog puede ir siguiendo paso a paso el proceso de estudio y restauraci\u00f3n de los murales. <\/p>\n\n\n\n<div class=\"wp-block-image\"><figure class=\"aligncenter size-large is-resized\"><a href=\"http:\/\/www.crearestauracion.es\/pinturaspalio\/blog\/\"><img loading=\"lazy\" decoding=\"async\" src=\"http:\/\/www.crearestauracion.es\/pinturaspalio\/wp-content\/uploads\/2020\/04\/BOTON-ACCESO.jpg\" alt=\"\" class=\"wp-image-116\" width=\"497\" height=\"79\" srcset=\"http:\/\/www.crearestauracion.es\/pinturaspalio\/wp-content\/uploads\/2020\/04\/BOTON-ACCESO.jpg 993w, http:\/\/www.crearestauracion.es\/pinturaspalio\/wp-content\/uploads\/2020\/04\/BOTON-ACCESO-300x48.jpg 300w, http:\/\/www.crearestauracion.es\/pinturaspalio\/wp-content\/uploads\/2020\/04\/BOTON-ACCESO-768x122.jpg 768w, http:\/\/www.crearestauracion.es\/pinturaspalio\/wp-content\/uploads\/2020\/04\/BOTON-ACCESO-904x144.jpg 904w\" sizes=\"(max-width: 497px) 100vw, 497px\" \/><\/a><\/figure><\/div>\n\n\n\n<div class=\"wp-block-image\"><figure class=\"aligncenter size-large is-resized\"><a href=\"http:\/\/www.crearestauracion.es\/pinturaspalio\/informe-historico\/\"><img decoding=\"async\" src=\"http:\/\/www.crearestauracion.es\/pinturaspalio\/wp-content\/uploads\/2020\/09\/BOTON-ACCESO2.jpg\" alt=\"\" class=\"wp-image-177\" width=\"497\" srcset=\"http:\/\/www.crearestauracion.es\/pinturaspalio\/wp-content\/uploads\/2020\/09\/BOTON-ACCESO2.jpg 993w, http:\/\/www.crearestauracion.es\/pinturaspalio\/wp-content\/uploads\/2020\/09\/BOTON-ACCESO2-300x48.jpg 300w, http:\/\/www.crearestauracion.es\/pinturaspalio\/wp-content\/uploads\/2020\/09\/BOTON-ACCESO2-768x122.jpg 768w, http:\/\/www.crearestauracion.es\/pinturaspalio\/wp-content\/uploads\/2020\/09\/BOTON-ACCESO2-904x144.jpg 904w\" sizes=\"(max-width: 993px) 100vw, 993px\" \/><\/a><\/figure><\/div>\n\n\n\n<div class=\"wp-block-image\"><figure class=\"aligncenter size-large is-resized\"><a href=\"http:\/\/www.crearestauracion.es\/pinturaspalio\/los-datos\/\"><img decoding=\"async\" src=\"http:\/\/www.crearestauracion.es\/pinturaspalio\/wp-content\/uploads\/2020\/09\/BOTON-ACCESO3.jpg\" alt=\"\" class=\"wp-image-190\" width=\"497\" srcset=\"http:\/\/www.crearestauracion.es\/pinturaspalio\/wp-content\/uploads\/2020\/09\/BOTON-ACCESO3.jpg 993w, http:\/\/www.crearestauracion.es\/pinturaspalio\/wp-content\/uploads\/2020\/09\/BOTON-ACCESO3-300x48.jpg 300w, http:\/\/www.crearestauracion.es\/pinturaspalio\/wp-content\/uploads\/2020\/09\/BOTON-ACCESO3-768x122.jpg 768w, http:\/\/www.crearestauracion.es\/pinturaspalio\/wp-content\/uploads\/2020\/09\/BOTON-ACCESO3-904x144.jpg 904w\" sizes=\"(max-width: 993px) 100vw, 993px\" \/><\/a><\/figure><\/div>\n\n\n\n<p>Ofreceremos informaci\u00f3n actualizada con los avances y documentaci\u00f3n fotogr\u00e1fica de cada fase.<\/p>\n\n\n\n<figure class=\"wp-block-image\"><img loading=\"lazy\" decoding=\"async\" width=\"1121\" height=\"936\" src=\"http:\/\/www.crearestauracion.es\/pinturaspalio\/wp-content\/uploads\/2020\/03\/foto1a.jpg\" alt=\"\" class=\"wp-image-34\" srcset=\"http:\/\/www.crearestauracion.es\/pinturaspalio\/wp-content\/uploads\/2020\/03\/foto1a.jpg 1121w, http:\/\/www.crearestauracion.es\/pinturaspalio\/wp-content\/uploads\/2020\/03\/foto1a-300x250.jpg 300w, http:\/\/www.crearestauracion.es\/pinturaspalio\/wp-content\/uploads\/2020\/03\/foto1a-768x641.jpg 768w, http:\/\/www.crearestauracion.es\/pinturaspalio\/wp-content\/uploads\/2020\/03\/foto1a-1024x855.jpg 1024w, http:\/\/www.crearestauracion.es\/pinturaspalio\/wp-content\/uploads\/2020\/03\/foto1a-904x755.jpg 904w\" sizes=\"(max-width: 1121px) 100vw, 1121px\" \/><\/figure>\n\n\n\n<figure class=\"wp-block-image size-large\"><img loading=\"lazy\" decoding=\"async\" width=\"1024\" height=\"855\" src=\"http:\/\/www.crearestauracion.es\/pinturaspalio\/wp-content\/uploads\/2020\/09\/foto42-1024x855.jpg\" alt=\"\" class=\"wp-image-156\" srcset=\"http:\/\/www.crearestauracion.es\/pinturaspalio\/wp-content\/uploads\/2020\/09\/foto42-1024x855.jpg 1024w, http:\/\/www.crearestauracion.es\/pinturaspalio\/wp-content\/uploads\/2020\/09\/foto42-300x250.jpg 300w, http:\/\/www.crearestauracion.es\/pinturaspalio\/wp-content\/uploads\/2020\/09\/foto42-768x641.jpg 768w, http:\/\/www.crearestauracion.es\/pinturaspalio\/wp-content\/uploads\/2020\/09\/foto42-904x755.jpg 904w, http:\/\/www.crearestauracion.es\/pinturaspalio\/wp-content\/uploads\/2020\/09\/foto42.jpg 1121w\" sizes=\"(max-width: 1024px) 100vw, 1024px\" \/><\/figure>\n\n\n\n<p>&#8212;&#8212;&#8211;<\/p>\n\n\n\n<div class=\"wp-block-image\"><figure class=\"aligncenter is-resized\"><img loading=\"lazy\" decoding=\"async\" src=\"http:\/\/www.crearestauracion.es\/pinturaspalio\/wp-content\/uploads\/2020\/03\/IMAXEXUNTAFEDERPalio-1024x284.png\" alt=\"\" class=\"wp-image-19\" width=\"512\" height=\"142\"\/><figcaption><br><\/figcaption><\/figure><\/div>\n\n\n\n<div class=\"wp-block-image\"><figure class=\"aligncenter is-resized\"><img loading=\"lazy\" decoding=\"async\" src=\"http:\/\/www.crearestauracion.es\/pinturaspalio\/wp-content\/uploads\/2020\/03\/Tarjeta-2015-DEFINITIVA-ATRAS.yoli_.jpg\" alt=\"\" class=\"wp-image-6\" width=\"251\" height=\"163\" srcset=\"http:\/\/www.crearestauracion.es\/pinturaspalio\/wp-content\/uploads\/2020\/03\/Tarjeta-2015-DEFINITIVA-ATRAS.yoli_.jpg 1004w, http:\/\/www.crearestauracion.es\/pinturaspalio\/wp-content\/uploads\/2020\/03\/Tarjeta-2015-DEFINITIVA-ATRAS.yoli_-300x194.jpg 300w, http:\/\/www.crearestauracion.es\/pinturaspalio\/wp-content\/uploads\/2020\/03\/Tarjeta-2015-DEFINITIVA-ATRAS.yoli_-768x497.jpg 768w, http:\/\/www.crearestauracion.es\/pinturaspalio\/wp-content\/uploads\/2020\/03\/Tarjeta-2015-DEFINITIVA-ATRAS.yoli_-904x585.jpg 904w\" sizes=\"(max-width: 251px) 100vw, 251px\" \/><\/figure><\/div>\n","protected":false},"excerpt":{"rendered":"<p>Bienvenido. En esta p\u00e1gina podr\u00e1 encontrar informaci\u00f3n sobre la restauraci\u00f3n de la pintura mural del presbiterio, arco triunfal (muros este y oeste, intrad\u00f3s y columna adosadas) y fragmentos en la nave principal y \u00fanica de la iglesia de Santa Baia de Palio, Lal\u00edn (Pontevedra). Cofinanciado por el Fondo Europeo de Desarrollo Regional (80%), en el [&hellip;]<\/p>\n","protected":false},"author":1,"featured_media":0,"parent":0,"menu_order":0,"comment_status":"closed","ping_status":"closed","template":"","meta":{"footnotes":""},"class_list":["post-8","page","type-page","status-publish","hentry","content-columns-1"],"_links":{"self":[{"href":"http:\/\/www.crearestauracion.es\/pinturaspalio\/wp-json\/wp\/v2\/pages\/8"}],"collection":[{"href":"http:\/\/www.crearestauracion.es\/pinturaspalio\/wp-json\/wp\/v2\/pages"}],"about":[{"href":"http:\/\/www.crearestauracion.es\/pinturaspalio\/wp-json\/wp\/v2\/types\/page"}],"author":[{"embeddable":true,"href":"http:\/\/www.crearestauracion.es\/pinturaspalio\/wp-json\/wp\/v2\/users\/1"}],"replies":[{"embeddable":true,"href":"http:\/\/www.crearestauracion.es\/pinturaspalio\/wp-json\/wp\/v2\/comments?post=8"}],"version-history":[{"count":23,"href":"http:\/\/www.crearestauracion.es\/pinturaspalio\/wp-json\/wp\/v2\/pages\/8\/revisions"}],"predecessor-version":[{"id":192,"href":"http:\/\/www.crearestauracion.es\/pinturaspalio\/wp-json\/wp\/v2\/pages\/8\/revisions\/192"}],"wp:attachment":[{"href":"http:\/\/www.crearestauracion.es\/pinturaspalio\/wp-json\/wp\/v2\/media?parent=8"}],"curies":[{"name":"wp","href":"https:\/\/api.w.org\/{rel}","templated":true}]}}