{"id":181,"date":"2020-09-07T15:18:25","date_gmt":"2020-09-07T13:18:25","guid":{"rendered":"http:\/\/www.crearestauracion.es\/pinturaspalio\/?page_id=181"},"modified":"2020-09-07T16:27:19","modified_gmt":"2020-09-07T14:27:19","slug":"los-datos","status":"publish","type":"page","link":"http:\/\/www.crearestauracion.es\/pinturaspalio\/los-datos\/","title":{"rendered":"Conclusiones"},"content":{"rendered":"\n<figure class=\"wp-block-image size-large\"><img loading=\"lazy\" decoding=\"async\" width=\"1024\" height=\"855\" src=\"http:\/\/www.crearestauracion.es\/pinturaspalio\/wp-content\/uploads\/2020\/09\/foto43-1024x855.jpg\" alt=\"\" class=\"wp-image-157\" srcset=\"http:\/\/www.crearestauracion.es\/pinturaspalio\/wp-content\/uploads\/2020\/09\/foto43-1024x855.jpg 1024w, http:\/\/www.crearestauracion.es\/pinturaspalio\/wp-content\/uploads\/2020\/09\/foto43-300x250.jpg 300w, http:\/\/www.crearestauracion.es\/pinturaspalio\/wp-content\/uploads\/2020\/09\/foto43-768x641.jpg 768w, http:\/\/www.crearestauracion.es\/pinturaspalio\/wp-content\/uploads\/2020\/09\/foto43-904x755.jpg 904w, http:\/\/www.crearestauracion.es\/pinturaspalio\/wp-content\/uploads\/2020\/09\/foto43.jpg 1121w\" sizes=\"(max-width: 1024px) 100vw, 1024px\" \/><\/figure>\n\n\n\n<p>La restauraci\u00f3n de las pinturas murales ha comenzado con el estudio minucioso de la obra. Esto junto con los datos obtenidos de los mapas de da\u00f1os, anal\u00edticas, informe hist\u00f3rico y observaci\u00f3n durante la intervenci\u00f3n forman parte del trabajo tanto como lo que se conoce habitualmente como restauraci\u00f3n.<\/p>\n\n\n\n<p>Queremos resumir todas las conclusiones obtenidas tras los trabajos t\u00e9cnicos:<\/p>\n\n\n\n<p>COMPOSICI\u00d3N DE MATERIALES<\/p>\n\n\n\n<ol class=\"wp-block-list\"><li>La pintura es un fresco: Las anal\u00edticas revelan que no existen aglutinantes en los murales a excepci\u00f3n del propio carbonato perteneciente al mortero de cal y arena. <\/li><li>Los pigmentos utilizados son naturales: tierra roja, carb\u00f3n vegetal, pigmentos de tierras&#8230;<\/li><li>Los morteros de la nave, el arco toral y el presbiterio son diferentes en su composici\u00f3n y aplicaci\u00f3n, siendo todos extremadamente fr\u00e1giles y de muy poco espesor.<\/li><li>El fragmento encontrado en el muro sur de la nave est\u00e1 pintado sobre un mortero muy pobre, aplicado sobre una base de barro y piedras sueltas, por eso s\u00f3lo se ha conservado este peque\u00f1o trozo.<\/li><li>Que los morteros tengan composiciones y aplicaciones diferentes nos lleva a afirmar que son obras de diferentes manos y momentos.<\/li><li>La capa de cal pintada que se conserva en el capitel del muro sur no es un mortero al uso, si no un enjabelgado (cal y una carga muy fina aplicada a pincel).<\/li><\/ol>\n\n\n\n<p><\/p>\n\n\n\n<p>IDENTIFICACI\u00d3N DE LOS MURALES<\/p>\n\n\n\n<ol class=\"wp-block-list\"><li>El informe hist\u00f3rico sit\u00faa los murales del \u00e1bside y el muro del arco toral a finales del siglo XVI. <\/li><li>La Flagelaci\u00f3n, escena encontrada en el muro sur de la nave puede pertenecer a finales del siglo XV o principios del siglo XVI.<\/li><li>La decapitaci\u00f3n de Santa Baia (Santa Eulalia) en el muro norte del presbiterio coincide con la santa que da nombre al templo. Adem\u00e1s esta escena est\u00e1 datada: 1585.<\/li><li>En el testero del \u00e1bside, se puede ver una escena del Juicio Final.<\/li><li>En el muro sur del presbiterio dos escenas muy fragmentadas, una de las cuales podr\u00eda ser la \u00daltima Cena.<\/li><li>En el arco toral una Anunciaci\u00f3n pr\u00e1cticamente completa.<\/li><li>Existen restos de pinturas del siglo XVI en los fustes de la columnas.<\/li><\/ol>\n\n\n\n<p><\/p>\n","protected":false},"excerpt":{"rendered":"<p>La restauraci\u00f3n de las pinturas murales ha comenzado con el estudio minucioso de la obra. Esto junto con los datos obtenidos de los mapas de da\u00f1os, anal\u00edticas, informe hist\u00f3rico y observaci\u00f3n durante la intervenci\u00f3n forman parte del trabajo tanto como lo que se conoce habitualmente como restauraci\u00f3n. Queremos resumir todas las conclusiones obtenidas tras los [&hellip;]<\/p>\n","protected":false},"author":1,"featured_media":0,"parent":0,"menu_order":0,"comment_status":"closed","ping_status":"closed","template":"","meta":{"footnotes":""},"class_list":["post-181","page","type-page","status-publish","hentry","content-columns-1"],"_links":{"self":[{"href":"http:\/\/www.crearestauracion.es\/pinturaspalio\/wp-json\/wp\/v2\/pages\/181"}],"collection":[{"href":"http:\/\/www.crearestauracion.es\/pinturaspalio\/wp-json\/wp\/v2\/pages"}],"about":[{"href":"http:\/\/www.crearestauracion.es\/pinturaspalio\/wp-json\/wp\/v2\/types\/page"}],"author":[{"embeddable":true,"href":"http:\/\/www.crearestauracion.es\/pinturaspalio\/wp-json\/wp\/v2\/users\/1"}],"replies":[{"embeddable":true,"href":"http:\/\/www.crearestauracion.es\/pinturaspalio\/wp-json\/wp\/v2\/comments?post=181"}],"version-history":[{"count":6,"href":"http:\/\/www.crearestauracion.es\/pinturaspalio\/wp-json\/wp\/v2\/pages\/181\/revisions"}],"predecessor-version":[{"id":189,"href":"http:\/\/www.crearestauracion.es\/pinturaspalio\/wp-json\/wp\/v2\/pages\/181\/revisions\/189"}],"wp:attachment":[{"href":"http:\/\/www.crearestauracion.es\/pinturaspalio\/wp-json\/wp\/v2\/media?parent=181"}],"curies":[{"name":"wp","href":"https:\/\/api.w.org\/{rel}","templated":true}]}}