{"id":8,"date":"2022-10-31T21:20:13","date_gmt":"2022-10-31T21:20:13","guid":{"rendered":"http:\/\/www.crearestauracion.es\/pinturasosvilares\/?page_id=8"},"modified":"2023-12-21T19:28:39","modified_gmt":"2023-12-21T19:28:39","slug":"inicio","status":"publish","type":"page","link":"http:\/\/www.crearestauracion.es\/pinturasosvilares\/","title":{"rendered":"Inicio"},"content":{"rendered":"\n<p>Bienvenido. En esta p\u00e1gina podr\u00e1 encontrar informaci\u00f3n sobre la restauraci\u00f3n de las pinturas murales de San Vicenzo dos Vilares, Guitiriz.<\/p>\n\n\n\n<p>En este blog&nbsp;puede ir siguiendo paso a paso el proceso de estudio y restauraci\u00f3n de las pinturas. Ofreceremos informaci\u00f3n actualizada con los avances y documentaci\u00f3n fotogr\u00e1fica de cada fase.<\/p>\n\n\n\n<p><\/p>\n\n\n<div class=\"wp-block-image\">\n<figure class=\"aligncenter size-full is-resized\"><a href=\"http:\/\/www.crearestauracion.es\/pinturasosvilares\/blog\/\"><img loading=\"lazy\" decoding=\"async\" width=\"993\" height=\"158\" src=\"http:\/\/www.crearestauracion.es\/pinturasosvilares\/wp-content\/uploads\/2022\/10\/BOTON-ACCESO.jpg\" alt=\"\" class=\"wp-image-16\" style=\"width:497px;height:79px\" srcset=\"http:\/\/www.crearestauracion.es\/pinturasosvilares\/wp-content\/uploads\/2022\/10\/BOTON-ACCESO.jpg 993w, http:\/\/www.crearestauracion.es\/pinturasosvilares\/wp-content\/uploads\/2022\/10\/BOTON-ACCESO-300x48.jpg 300w, http:\/\/www.crearestauracion.es\/pinturasosvilares\/wp-content\/uploads\/2022\/10\/BOTON-ACCESO-768x122.jpg 768w, http:\/\/www.crearestauracion.es\/pinturasosvilares\/wp-content\/uploads\/2022\/10\/BOTON-ACCESO-904x144.jpg 904w\" sizes=\"auto, (max-width: 993px) 100vw, 993px\" \/><\/a><\/figure>\n<\/div>\n\n\n<figure class=\"wp-block-image size-large\"><img loading=\"lazy\" decoding=\"async\" width=\"1119\" height=\"954\" src=\"http:\/\/www.crearestauracion.es\/pinturasosvilares\/wp-content\/uploads\/2022\/10\/3-1024x873.jpg\" alt=\"\" class=\"wp-image-15\" srcset=\"http:\/\/www.crearestauracion.es\/pinturasosvilares\/wp-content\/uploads\/2022\/10\/3-1024x873.jpg 1024w, http:\/\/www.crearestauracion.es\/pinturasosvilares\/wp-content\/uploads\/2022\/10\/3-300x256.jpg 300w, http:\/\/www.crearestauracion.es\/pinturasosvilares\/wp-content\/uploads\/2022\/10\/3-768x655.jpg 768w, http:\/\/www.crearestauracion.es\/pinturasosvilares\/wp-content\/uploads\/2022\/10\/3-904x771.jpg 904w, http:\/\/www.crearestauracion.es\/pinturasosvilares\/wp-content\/uploads\/2022\/10\/3.jpg 1119w\" sizes=\"auto, (max-width: 1119px) 100vw, 1119px\" \/><\/figure>\n\n\n\n<figure class=\"wp-block-image size-large\"><img loading=\"lazy\" decoding=\"async\" width=\"1024\" height=\"873\" src=\"http:\/\/www.crearestauracion.es\/pinturasosvilares\/wp-content\/uploads\/2022\/10\/4-1024x873.jpg\" alt=\"\" class=\"wp-image-17\" srcset=\"http:\/\/www.crearestauracion.es\/pinturasosvilares\/wp-content\/uploads\/2022\/10\/4-1024x873.jpg 1024w, http:\/\/www.crearestauracion.es\/pinturasosvilares\/wp-content\/uploads\/2022\/10\/4-300x256.jpg 300w, http:\/\/www.crearestauracion.es\/pinturasosvilares\/wp-content\/uploads\/2022\/10\/4-768x655.jpg 768w, http:\/\/www.crearestauracion.es\/pinturasosvilares\/wp-content\/uploads\/2022\/10\/4-904x771.jpg 904w, http:\/\/www.crearestauracion.es\/pinturasosvilares\/wp-content\/uploads\/2022\/10\/4.jpg 1119w\" sizes=\"auto, (max-width: 1024px) 100vw, 1024px\" \/><\/figure>\n\n\n\n<figure class=\"wp-block-image size-large\"><img loading=\"lazy\" decoding=\"async\" width=\"1024\" height=\"873\" src=\"http:\/\/www.crearestauracion.es\/pinturasosvilares\/wp-content\/uploads\/2023\/12\/30-1-1024x873.jpg\" alt=\"\" class=\"wp-image-95\" srcset=\"http:\/\/www.crearestauracion.es\/pinturasosvilares\/wp-content\/uploads\/2023\/12\/30-1-1024x873.jpg 1024w, http:\/\/www.crearestauracion.es\/pinturasosvilares\/wp-content\/uploads\/2023\/12\/30-1-300x256.jpg 300w, http:\/\/www.crearestauracion.es\/pinturasosvilares\/wp-content\/uploads\/2023\/12\/30-1-768x655.jpg 768w, http:\/\/www.crearestauracion.es\/pinturasosvilares\/wp-content\/uploads\/2023\/12\/30-1-904x771.jpg 904w, http:\/\/www.crearestauracion.es\/pinturasosvilares\/wp-content\/uploads\/2023\/12\/30-1.jpg 1119w\" sizes=\"auto, (max-width: 1024px) 100vw, 1024px\" \/><\/figure>\n\n\n\n<figure class=\"wp-block-image size-large\"><img loading=\"lazy\" decoding=\"async\" width=\"1024\" height=\"873\" src=\"http:\/\/www.crearestauracion.es\/pinturasosvilares\/wp-content\/uploads\/2023\/12\/16-1024x873.jpg\" alt=\"\" class=\"wp-image-66\" srcset=\"http:\/\/www.crearestauracion.es\/pinturasosvilares\/wp-content\/uploads\/2023\/12\/16-1024x873.jpg 1024w, http:\/\/www.crearestauracion.es\/pinturasosvilares\/wp-content\/uploads\/2023\/12\/16-300x256.jpg 300w, http:\/\/www.crearestauracion.es\/pinturasosvilares\/wp-content\/uploads\/2023\/12\/16-768x655.jpg 768w, http:\/\/www.crearestauracion.es\/pinturasosvilares\/wp-content\/uploads\/2023\/12\/16-904x771.jpg 904w, http:\/\/www.crearestauracion.es\/pinturasosvilares\/wp-content\/uploads\/2023\/12\/16.jpg 1119w\" sizes=\"auto, (max-width: 1024px) 100vw, 1024px\" \/><\/figure>\n","protected":false},"excerpt":{"rendered":"<p>Bienvenido. En esta p\u00e1gina podr\u00e1 encontrar informaci\u00f3n sobre la restauraci\u00f3n de las pinturas murales de San Vicenzo dos Vilares, Guitiriz. En este blog&nbsp;puede ir siguiendo paso a paso el proceso de estudio y restauraci\u00f3n de las pinturas. Ofreceremos informaci\u00f3n actualizada con los avances y documentaci\u00f3n fotogr\u00e1fica de cada fase.<\/p>\n","protected":false},"author":1,"featured_media":0,"parent":0,"menu_order":0,"comment_status":"closed","ping_status":"closed","template":"","meta":{"footnotes":""},"class_list":["post-8","page","type-page","status-publish","hentry","content-columns-1"],"_links":{"self":[{"href":"http:\/\/www.crearestauracion.es\/pinturasosvilares\/wp-json\/wp\/v2\/pages\/8","targetHints":{"allow":["GET"]}}],"collection":[{"href":"http:\/\/www.crearestauracion.es\/pinturasosvilares\/wp-json\/wp\/v2\/pages"}],"about":[{"href":"http:\/\/www.crearestauracion.es\/pinturasosvilares\/wp-json\/wp\/v2\/types\/page"}],"author":[{"embeddable":true,"href":"http:\/\/www.crearestauracion.es\/pinturasosvilares\/wp-json\/wp\/v2\/users\/1"}],"replies":[{"embeddable":true,"href":"http:\/\/www.crearestauracion.es\/pinturasosvilares\/wp-json\/wp\/v2\/comments?post=8"}],"version-history":[{"count":3,"href":"http:\/\/www.crearestauracion.es\/pinturasosvilares\/wp-json\/wp\/v2\/pages\/8\/revisions"}],"predecessor-version":[{"id":96,"href":"http:\/\/www.crearestauracion.es\/pinturasosvilares\/wp-json\/wp\/v2\/pages\/8\/revisions\/96"}],"wp:attachment":[{"href":"http:\/\/www.crearestauracion.es\/pinturasosvilares\/wp-json\/wp\/v2\/media?parent=8"}],"curies":[{"name":"wp","href":"https:\/\/api.w.org\/{rel}","templated":true}]}}