{"id":71,"date":"2012-11-06T11:43:42","date_gmt":"2012-11-06T11:43:42","guid":{"rendered":"http:\/\/www.crearestauracion.es\/pinturasnogueira\/?page_id=71"},"modified":"2020-04-25T16:22:29","modified_gmt":"2020-04-25T16:22:29","slug":"inicio","status":"publish","type":"page","link":"http:\/\/www.crearestauracion.es\/pinturasnogueira\/","title":{"rendered":"Inicio"},"content":{"rendered":"<p style=\"text-align: justify;\"><strong>Bienvenido<\/strong>. En esta p\u00e1gina podr\u00e1 encontrar informaci\u00f3n sobre\u00a0<strong>varias fases de la restauraci\u00f3n de las pinturas murales de la Iglesia de Santa Mar\u00eda de Nogueira de Mi\u00f1o (Chantada, Lugo).<\/strong>\u00a0Se corresponder\u00e1 con la intervenciones sobre el muro norte, arco toral y prebiterio.<\/p>\n<p style=\"text-align: justify;\">En el\u00a0<strong><a title=\"Blog\" href=\"http:\/\/www.crearestauracion.es\/pinturasnogueira\/?page_id=66\">BLOG<\/a><\/strong>\u00a0puede ir siguiendo paso a paso el proceso de estudio y restauraci\u00f3n de las pinturas. Ofreceremos informaci\u00f3n actualizada con los avances y documentaci\u00f3n fotogr\u00e1fica de cada fase.<\/p>\n<p><a href=\"http:\/\/www.crearestauracion.es\/pinturasnogueira\/?page_id=66\"><img loading=\"lazy\" decoding=\"async\" class=\"aligncenter wp-image-362\" src=\"http:\/\/www.crearestauracion.es\/pinturasnogueira\/wp-content\/uploads\/2020\/04\/BOTON-ACCESO.MURO-NORTE.jpg\" alt=\"\" width=\"500\" height=\"80\" srcset=\"http:\/\/www.crearestauracion.es\/pinturasnogueira\/wp-content\/uploads\/2020\/04\/BOTON-ACCESO.MURO-NORTE.jpg 993w, http:\/\/www.crearestauracion.es\/pinturasnogueira\/wp-content\/uploads\/2020\/04\/BOTON-ACCESO.MURO-NORTE-300x48.jpg 300w, http:\/\/www.crearestauracion.es\/pinturasnogueira\/wp-content\/uploads\/2020\/04\/BOTON-ACCESO.MURO-NORTE-768x122.jpg 768w, http:\/\/www.crearestauracion.es\/pinturasnogueira\/wp-content\/uploads\/2020\/04\/BOTON-ACCESO.MURO-NORTE-904x144.jpg 904w\" sizes=\"(max-width: 500px) 100vw, 500px\" \/><\/a><a href=\"http:\/\/www.crearestauracion.es\/pinturasnogueira\/?page_id=66&amp;paged=2\"><img loading=\"lazy\" decoding=\"async\" class=\"aligncenter wp-image-358\" src=\"http:\/\/www.crearestauracion.es\/pinturasnogueira\/wp-content\/uploads\/2020\/04\/BOTON-ACCESO.-PRESBITERIO.jpg\" alt=\"\" width=\"500\" height=\"80\" srcset=\"http:\/\/www.crearestauracion.es\/pinturasnogueira\/wp-content\/uploads\/2020\/04\/BOTON-ACCESO.-PRESBITERIO.jpg 993w, http:\/\/www.crearestauracion.es\/pinturasnogueira\/wp-content\/uploads\/2020\/04\/BOTON-ACCESO.-PRESBITERIO-300x48.jpg 300w, http:\/\/www.crearestauracion.es\/pinturasnogueira\/wp-content\/uploads\/2020\/04\/BOTON-ACCESO.-PRESBITERIO-768x122.jpg 768w, http:\/\/www.crearestauracion.es\/pinturasnogueira\/wp-content\/uploads\/2020\/04\/BOTON-ACCESO.-PRESBITERIO-904x144.jpg 904w\" sizes=\"(max-width: 500px) 100vw, 500px\" \/><\/a><\/p>\n<p><a href=\"http:\/\/www.crearestauracion.es\/pinturasnogueira\/wp-content\/uploads\/2012\/11\/CREA_NOGUEIRA_PresbiterioyRetablo-432-E1.jpg\"><img loading=\"lazy\" decoding=\"async\" class=\"aligncenter size-full wp-image-340\" src=\"http:\/\/www.crearestauracion.es\/pinturasnogueira\/wp-content\/uploads\/2012\/11\/CREA_NOGUEIRA_PresbiterioyRetablo-432-E1.jpg\" alt=\"CREA_NOGUEIRA_PresbiterioyRetablo-432- E\" width=\"599\" height=\"400\" srcset=\"http:\/\/www.crearestauracion.es\/pinturasnogueira\/wp-content\/uploads\/2012\/11\/CREA_NOGUEIRA_PresbiterioyRetablo-432-E1.jpg 599w, http:\/\/www.crearestauracion.es\/pinturasnogueira\/wp-content\/uploads\/2012\/11\/CREA_NOGUEIRA_PresbiterioyRetablo-432-E1-300x200.jpg 300w\" sizes=\"(max-width: 599px) 100vw, 599px\" \/><\/a><\/p>\n<p><a href=\"http:\/\/www.crearestauracion.es\/pinturasnogueira\/wp-content\/uploads\/2012\/11\/CREA_NOGUEIRA_PresbiterioyRetablo-461-B1.jpg\"><img loading=\"lazy\" decoding=\"async\" class=\"aligncenter wp-image-341\" src=\"http:\/\/www.crearestauracion.es\/pinturasnogueira\/wp-content\/uploads\/2012\/11\/CREA_NOGUEIRA_PresbiterioyRetablo-461-B1.jpg\" alt=\"CREA_NOGUEIRA_PresbiterioyRetablo-461- B\" width=\"599\" height=\"400\" srcset=\"http:\/\/www.crearestauracion.es\/pinturasnogueira\/wp-content\/uploads\/2012\/11\/CREA_NOGUEIRA_PresbiterioyRetablo-461-B1.jpg 720w, http:\/\/www.crearestauracion.es\/pinturasnogueira\/wp-content\/uploads\/2012\/11\/CREA_NOGUEIRA_PresbiterioyRetablo-461-B1-300x200.jpg 300w\" sizes=\"(max-width: 599px) 100vw, 599px\" \/><\/a><\/p>\n<p><img loading=\"lazy\" decoding=\"async\" class=\"aligncenter wp-image-112\" title=\"collage\" src=\"http:\/\/www.crearestauracion.es\/pinturasnogueira\/wp-content\/uploads\/2012\/11\/collage.jpg\" alt=\"\" width=\"599\" height=\"568\" srcset=\"http:\/\/www.crearestauracion.es\/pinturasnogueira\/wp-content\/uploads\/2012\/11\/collage.jpg 800w, http:\/\/www.crearestauracion.es\/pinturasnogueira\/wp-content\/uploads\/2012\/11\/collage-300x284.jpg 300w\" sizes=\"(max-width: 599px) 100vw, 599px\" \/><\/p>\n","protected":false},"excerpt":{"rendered":"<p>Bienvenido. En esta p\u00e1gina podr\u00e1 encontrar informaci\u00f3n sobre\u00a0varias fases de la restauraci\u00f3n de las pinturas murales de la Iglesia de Santa Mar\u00eda de Nogueira de Mi\u00f1o (Chantada, Lugo).\u00a0Se corresponder\u00e1 con la intervenciones sobre el muro norte, arco toral y prebiterio. En el\u00a0BLOG\u00a0puede ir siguiendo paso a paso el proceso de estudio y restauraci\u00f3n de las [&hellip;]<\/p>\n","protected":false},"author":1,"featured_media":0,"parent":0,"menu_order":0,"comment_status":"closed","ping_status":"closed","template":"","meta":{"footnotes":""},"class_list":["post-71","page","type-page","status-publish","hentry","content-columns-1"],"_links":{"self":[{"href":"http:\/\/www.crearestauracion.es\/pinturasnogueira\/index.php?rest_route=\/wp\/v2\/pages\/71"}],"collection":[{"href":"http:\/\/www.crearestauracion.es\/pinturasnogueira\/index.php?rest_route=\/wp\/v2\/pages"}],"about":[{"href":"http:\/\/www.crearestauracion.es\/pinturasnogueira\/index.php?rest_route=\/wp\/v2\/types\/page"}],"author":[{"embeddable":true,"href":"http:\/\/www.crearestauracion.es\/pinturasnogueira\/index.php?rest_route=\/wp\/v2\/users\/1"}],"replies":[{"embeddable":true,"href":"http:\/\/www.crearestauracion.es\/pinturasnogueira\/index.php?rest_route=%2Fwp%2Fv2%2Fcomments&post=71"}],"version-history":[{"count":20,"href":"http:\/\/www.crearestauracion.es\/pinturasnogueira\/index.php?rest_route=\/wp\/v2\/pages\/71\/revisions"}],"predecessor-version":[{"id":363,"href":"http:\/\/www.crearestauracion.es\/pinturasnogueira\/index.php?rest_route=\/wp\/v2\/pages\/71\/revisions\/363"}],"wp:attachment":[{"href":"http:\/\/www.crearestauracion.es\/pinturasnogueira\/index.php?rest_route=%2Fwp%2Fv2%2Fmedia&parent=71"}],"curies":[{"name":"wp","href":"https:\/\/api.w.org\/{rel}","templated":true}]}}