{"id":60,"date":"2012-11-06T10:28:34","date_gmt":"2012-11-06T10:28:34","guid":{"rendered":"http:\/\/www.crearestauracion.es\/pinturasnogueira\/?page_id=60"},"modified":"2018-02-14T08:25:16","modified_gmt":"2018-02-14T08:25:16","slug":"intervencion","status":"publish","type":"page","link":"http:\/\/www.crearestauracion.es\/pinturasnogueira\/?page_id=60","title":{"rendered":"Intervenci\u00f3n"},"content":{"rendered":"<h3>Informaci\u00f3n sobre la propuesta de intervenci\u00f3n<\/h3>\n<p style=\"text-align: justify;\">Se elabor\u00f3 una propuesta integral de conservaci\u00f3n y restauraci\u00f3n que abarca desde la realizaci\u00f3n de los estudios previos a la redacci\u00f3n del proyecto t\u00e9cnico de intervenci\u00f3n, pasando por la restauraci\u00f3n de las pinturas y concluyendo con una memoria final descriptiva de los trabajos realizados. Todas las fases de intervenci\u00f3n se documentar\u00e1n gr\u00e1ficamente.<\/p>\n<p style=\"text-align: justify;\">La intervenci\u00f3n de restauraci\u00f3n seguir\u00e1 las siguientes fases:<\/p>\n<p style=\"text-align: justify;\">&#8211; Eliminaci\u00f3n de la cal que oculta la visi\u00f3n de las pinturas.<\/p>\n<p style=\"text-align: justify;\">&#8211; Limpieza de la superficie pict\u00f3rica para devolverle sus colores originales.<\/p>\n<p style=\"text-align: justify;\">&#8211; Consolidaci\u00f3n y relleno de los huecos entre el mortero y el muro de piedra.<\/p>\n<p style=\"text-align: justify;\">&#8211; Amorterado de lagunas para nivelar la pintura y proteger los bordes evitando su degradaci\u00f3n.<\/p>\n<p style=\"text-align: justify;\">&#8211; Reintegraci\u00f3n crom\u00e1tica para conseguir unidad y continuidad visual en la pintura.<\/p>\n<p>\u00a0<a href=\"http:\/\/www.crearestauracion.es\/pinturasnogueira\/wp-content\/uploads\/2012\/11\/CREA_NOGUEIRA_PresbiterioyRetablo-461-B.jpg\"><img loading=\"lazy\" decoding=\"async\" class=\"aligncenter size-full wp-image-256\" alt=\"CREA_NOGUEIRA_PresbiterioyRetablo-461- B\" src=\"http:\/\/www.crearestauracion.es\/pinturasnogueira\/wp-content\/uploads\/2012\/11\/CREA_NOGUEIRA_PresbiterioyRetablo-461-B.jpg\" width=\"720\" height=\"481\" srcset=\"http:\/\/www.crearestauracion.es\/pinturasnogueira\/wp-content\/uploads\/2012\/11\/CREA_NOGUEIRA_PresbiterioyRetablo-461-B.jpg 720w, http:\/\/www.crearestauracion.es\/pinturasnogueira\/wp-content\/uploads\/2012\/11\/CREA_NOGUEIRA_PresbiterioyRetablo-461-B-300x200.jpg 300w\" sizes=\"(max-width: 720px) 100vw, 720px\" \/><\/a><\/p>\n<p><img loading=\"lazy\" decoding=\"async\" class=\"aligncenter size-full wp-image-61\" title=\"foto-3Cartel-Chantada2\" alt=\"\" src=\"http:\/\/www.crearestauracion.es\/pinturasnogueira\/wp-content\/uploads\/2012\/11\/foto-3Cartel-Chantada2.jpg\" width=\"720\" height=\"478\" srcset=\"http:\/\/www.crearestauracion.es\/pinturasnogueira\/wp-content\/uploads\/2012\/11\/foto-3Cartel-Chantada2.jpg 720w, http:\/\/www.crearestauracion.es\/pinturasnogueira\/wp-content\/uploads\/2012\/11\/foto-3Cartel-Chantada2-300x199.jpg 300w\" sizes=\"(max-width: 720px) 100vw, 720px\" \/><\/p>\n<p>&nbsp;<\/p>\n<p>En la \u00faltima fase de la intervenci\u00f3n se incluy\u00f3 la restauraci\u00f3n del retablo mayor:<\/p>\n<p>&#8211; Desinsectaci\u00f3n y consolidaci\u00f3n del soporte<\/p>\n<p>&#8211; Sentado de la policrom\u00eda y dorados<\/p>\n<p>&#8211; Limpieza de la policrom\u00eda y dorados<\/p>\n<p>&#8211; Reintegraci\u00f3n crom\u00e1tica y mat\u00e9rica<\/p>\n<p>&#8211; Protecci\u00f3n final<\/p>\n<p><a href=\"http:\/\/www.crearestauracion.es\/pinturasnogueira\/wp-content\/uploads\/2012\/11\/CREA_NOGUEIRA_PresbiterioyRetablo-467-B.jpg\"><img loading=\"lazy\" decoding=\"async\" class=\"aligncenter size-full wp-image-257\" alt=\"CREA_NOGUEIRA_PresbiterioyRetablo-467- B\" src=\"http:\/\/www.crearestauracion.es\/pinturasnogueira\/wp-content\/uploads\/2012\/11\/CREA_NOGUEIRA_PresbiterioyRetablo-467-B.jpg\" width=\"720\" height=\"481\" srcset=\"http:\/\/www.crearestauracion.es\/pinturasnogueira\/wp-content\/uploads\/2012\/11\/CREA_NOGUEIRA_PresbiterioyRetablo-467-B.jpg 720w, http:\/\/www.crearestauracion.es\/pinturasnogueira\/wp-content\/uploads\/2012\/11\/CREA_NOGUEIRA_PresbiterioyRetablo-467-B-300x200.jpg 300w\" sizes=\"(max-width: 720px) 100vw, 720px\" \/><\/a><\/p>\n","protected":false},"excerpt":{"rendered":"<p>Informaci\u00f3n sobre la propuesta de intervenci\u00f3n Se elabor\u00f3 una propuesta integral de conservaci\u00f3n y restauraci\u00f3n que abarca desde la realizaci\u00f3n de los estudios previos a la redacci\u00f3n del proyecto t\u00e9cnico de intervenci\u00f3n, pasando por la restauraci\u00f3n de las pinturas y concluyendo con una memoria final descriptiva de los trabajos realizados. Todas las fases de intervenci\u00f3n [&hellip;]<\/p>\n","protected":false},"author":1,"featured_media":0,"parent":0,"menu_order":3,"comment_status":"closed","ping_status":"closed","template":"","meta":{"footnotes":""},"class_list":["post-60","page","type-page","status-publish","hentry","content-columns-1"],"_links":{"self":[{"href":"http:\/\/www.crearestauracion.es\/pinturasnogueira\/index.php?rest_route=\/wp\/v2\/pages\/60"}],"collection":[{"href":"http:\/\/www.crearestauracion.es\/pinturasnogueira\/index.php?rest_route=\/wp\/v2\/pages"}],"about":[{"href":"http:\/\/www.crearestauracion.es\/pinturasnogueira\/index.php?rest_route=\/wp\/v2\/types\/page"}],"author":[{"embeddable":true,"href":"http:\/\/www.crearestauracion.es\/pinturasnogueira\/index.php?rest_route=\/wp\/v2\/users\/1"}],"replies":[{"embeddable":true,"href":"http:\/\/www.crearestauracion.es\/pinturasnogueira\/index.php?rest_route=%2Fwp%2Fv2%2Fcomments&post=60"}],"version-history":[{"count":8,"href":"http:\/\/www.crearestauracion.es\/pinturasnogueira\/index.php?rest_route=\/wp\/v2\/pages\/60\/revisions"}],"predecessor-version":[{"id":259,"href":"http:\/\/www.crearestauracion.es\/pinturasnogueira\/index.php?rest_route=\/wp\/v2\/pages\/60\/revisions\/259"}],"wp:attachment":[{"href":"http:\/\/www.crearestauracion.es\/pinturasnogueira\/index.php?rest_route=%2Fwp%2Fv2%2Fmedia&parent=60"}],"curies":[{"name":"wp","href":"https:\/\/api.w.org\/{rel}","templated":true}]}}