{"id":53,"date":"2012-11-06T10:16:26","date_gmt":"2012-11-06T10:16:26","guid":{"rendered":"http:\/\/www.crearestauracion.es\/pinturasnogueira\/?page_id=53"},"modified":"2018-02-18T22:51:46","modified_gmt":"2018-02-18T22:51:46","slug":"estado-de-conservacion","status":"publish","type":"page","link":"http:\/\/www.crearestauracion.es\/pinturasnogueira\/?page_id=53","title":{"rendered":"Estado de conservaci\u00f3n"},"content":{"rendered":"<h3>Estado de conservaci\u00f3n y alteraciones<\/h3>\n<p style=\"text-align: justify;\">La pintura se encuentra en un precario estado de conservaci\u00f3n. Las numerosas intervenciones a lo largo de los siglos y las continuas obras de remodelaci\u00f3n de la iglesia afectaron a la estabilidad del conjunto. La escena est\u00e1 cubierta casi en un 65% por capas de cal que oscilan entre 1 y 4 mm de espesor.<\/p>\n<p style=\"text-align: justify;\">La humedad por capilaridad, infiltraci\u00f3n y condensaci\u00f3n, junto con las remodelaciones de la iglesia y la acci\u00f3n antr\u00f3pica provocaron las alteraciones que se pueden observar actualmente: problemas de adhesi\u00f3n del mortero al muro, desprendimientos, p\u00e9rdidas de soporte, grietas y fisuras, disgregaci\u00f3n del color, escamaciones, regueros y desgastes.<\/p>\n<p style=\"text-align: justify;\"><a href=\"http:\/\/www.crearestauracion.es\/pinturasnogueira\/wp-content\/uploads\/2018\/02\/1.CREA_NOGUEIRA_PresbiterioyRetablo-16-B.jpg\"><img loading=\"lazy\" decoding=\"async\" class=\"aligncenter size-full wp-image-262\" alt=\"1.CREA_NOGUEIRA_PresbiterioyRetablo-16- B\" src=\"http:\/\/www.crearestauracion.es\/pinturasnogueira\/wp-content\/uploads\/2018\/02\/1.CREA_NOGUEIRA_PresbiterioyRetablo-16-B.jpg\" width=\"720\" height=\"481\" srcset=\"http:\/\/www.crearestauracion.es\/pinturasnogueira\/wp-content\/uploads\/2018\/02\/1.CREA_NOGUEIRA_PresbiterioyRetablo-16-B.jpg 720w, http:\/\/www.crearestauracion.es\/pinturasnogueira\/wp-content\/uploads\/2018\/02\/1.CREA_NOGUEIRA_PresbiterioyRetablo-16-B-300x200.jpg 300w\" sizes=\"(max-width: 720px) 100vw, 720px\" \/><\/a><\/p>\n<p style=\"text-align: justify;\"><img loading=\"lazy\" decoding=\"async\" class=\"aligncenter size-full wp-image-294\" alt=\"2.CREA_NOGUEIRA_PresbiterioyRetablo-187- B\" src=\"http:\/\/www.crearestauracion.es\/pinturasnogueira\/wp-content\/uploads\/2018\/02\/2.CREA_NOGUEIRA_PresbiterioyRetablo-187-B.jpg\" width=\"720\" height=\"481\" srcset=\"http:\/\/www.crearestauracion.es\/pinturasnogueira\/wp-content\/uploads\/2018\/02\/2.CREA_NOGUEIRA_PresbiterioyRetablo-187-B.jpg 720w, http:\/\/www.crearestauracion.es\/pinturasnogueira\/wp-content\/uploads\/2018\/02\/2.CREA_NOGUEIRA_PresbiterioyRetablo-187-B-300x200.jpg 300w\" sizes=\"(max-width: 720px) 100vw, 720px\" \/><\/p>\n<p style=\"text-align: justify;\"><a href=\"http:\/\/www.crearestauracion.es\/pinturasnogueira\/wp-content\/uploads\/2018\/02\/1.CREA_NOGUEIRA_PresbiterioyRetablo-10-B.jpg\"><img loading=\"lazy\" decoding=\"async\" class=\"aligncenter size-full wp-image-261\" alt=\"1.CREA_NOGUEIRA_PresbiterioyRetablo-10- B\" src=\"http:\/\/www.crearestauracion.es\/pinturasnogueira\/wp-content\/uploads\/2018\/02\/1.CREA_NOGUEIRA_PresbiterioyRetablo-10-B.jpg\" width=\"720\" height=\"481\" srcset=\"http:\/\/www.crearestauracion.es\/pinturasnogueira\/wp-content\/uploads\/2018\/02\/1.CREA_NOGUEIRA_PresbiterioyRetablo-10-B.jpg 720w, http:\/\/www.crearestauracion.es\/pinturasnogueira\/wp-content\/uploads\/2018\/02\/1.CREA_NOGUEIRA_PresbiterioyRetablo-10-B-300x200.jpg 300w\" sizes=\"(max-width: 720px) 100vw, 720px\" \/><\/a><\/p>\n<p style=\"text-align: justify;\">\n<p style=\"text-align: justify;\"><a href=\"http:\/\/www.crearestauracion.es\/pinturasnogueira\/wp-content\/uploads\/2012\/11\/foto-2Cartel-Chantada2.jpg\"><img loading=\"lazy\" decoding=\"async\" class=\"aligncenter size-full wp-image-47\" title=\"foto-2Cartel-Chantada2\" alt=\"\" src=\"http:\/\/www.crearestauracion.es\/pinturasnogueira\/wp-content\/uploads\/2012\/11\/foto-2Cartel-Chantada2.jpg\" width=\"720\" height=\"477\" srcset=\"http:\/\/www.crearestauracion.es\/pinturasnogueira\/wp-content\/uploads\/2012\/11\/foto-2Cartel-Chantada2.jpg 720w, http:\/\/www.crearestauracion.es\/pinturasnogueira\/wp-content\/uploads\/2012\/11\/foto-2Cartel-Chantada2-300x198.jpg 300w\" sizes=\"(max-width: 720px) 100vw, 720px\" \/><\/a><\/p>\n","protected":false},"excerpt":{"rendered":"<p>Estado de conservaci\u00f3n y alteraciones La pintura se encuentra en un precario estado de conservaci\u00f3n. Las numerosas intervenciones a lo largo de los siglos y las continuas obras de remodelaci\u00f3n de la iglesia afectaron a la estabilidad del conjunto. La escena est\u00e1 cubierta casi en un 65% por capas de cal que oscilan entre 1 [&hellip;]<\/p>\n","protected":false},"author":1,"featured_media":0,"parent":0,"menu_order":2,"comment_status":"closed","ping_status":"closed","template":"","meta":{"footnotes":""},"class_list":["post-53","page","type-page","status-publish","hentry","content-columns-1"],"_links":{"self":[{"href":"http:\/\/www.crearestauracion.es\/pinturasnogueira\/index.php?rest_route=\/wp\/v2\/pages\/53"}],"collection":[{"href":"http:\/\/www.crearestauracion.es\/pinturasnogueira\/index.php?rest_route=\/wp\/v2\/pages"}],"about":[{"href":"http:\/\/www.crearestauracion.es\/pinturasnogueira\/index.php?rest_route=\/wp\/v2\/types\/page"}],"author":[{"embeddable":true,"href":"http:\/\/www.crearestauracion.es\/pinturasnogueira\/index.php?rest_route=\/wp\/v2\/users\/1"}],"replies":[{"embeddable":true,"href":"http:\/\/www.crearestauracion.es\/pinturasnogueira\/index.php?rest_route=%2Fwp%2Fv2%2Fcomments&post=53"}],"version-history":[{"count":4,"href":"http:\/\/www.crearestauracion.es\/pinturasnogueira\/index.php?rest_route=\/wp\/v2\/pages\/53\/revisions"}],"predecessor-version":[{"id":344,"href":"http:\/\/www.crearestauracion.es\/pinturasnogueira\/index.php?rest_route=\/wp\/v2\/pages\/53\/revisions\/344"}],"wp:attachment":[{"href":"http:\/\/www.crearestauracion.es\/pinturasnogueira\/index.php?rest_route=%2Fwp%2Fv2%2Fmedia&parent=53"}],"curies":[{"name":"wp","href":"https:\/\/api.w.org\/{rel}","templated":true}]}}