{"id":36,"date":"2012-11-06T09:59:15","date_gmt":"2012-11-06T09:59:15","guid":{"rendered":"http:\/\/www.crearestauracion.es\/pinturasnogueira\/?page_id=36"},"modified":"2018-02-18T22:50:36","modified_gmt":"2018-02-18T22:50:36","slug":"informacion-historica","status":"publish","type":"page","link":"http:\/\/www.crearestauracion.es\/pinturasnogueira\/?page_id=36","title":{"rendered":"Historia"},"content":{"rendered":"<h3 style=\"text-align: justify;\">Informaci\u00f3n hist\u00f3rica y art\u00edstica sobre el muro norte<\/h3>\n<p style=\"text-align: justify;\">Las pinturas murales de Santa Mar\u00eda de Nogueira datan de mediados del siglo XVI, realizadas al fresco sobre un mortero de cal y arena. Se atribuyen al llamado Maestro de Nogueira, activo en la zona desde 1560 seg\u00fan Jos\u00e9 Manuel Garc\u00eda Iglesias (1979). La gran relevancia del ciclo mural de Nogueira sirve para denominar a este autor, de identidad an\u00f3nima.<\/p>\n<p style=\"text-align: justify;\">Como caracter\u00edsticas principales del estilo del Maestro de Nogueira encontramos un ciclo mural de gran formato e influencia italiana, enmarcado por franjas ornamentales de gran riqueza formal, con grutescos y decoraci\u00f3n vegetal propios del gusto de su tiempo. En el muro norte de la iglesia se representan el Juicio Final, centrado por la figura de Cristo Juez que recibe a la Virgen Mar\u00eda en el reino ang\u00e9lico, acompa\u00f1adas ambas im\u00e1genes por un nutrido grupo de santos. Esta configuraci\u00f3n de la Gloria se puede encontrar tambi\u00e9n, muy similar, en las pinturas de la b\u00f3veda de San Pedro de Ribas Altas (Monforte), obra atribuida al mismo autor que sirve como referente para la intervenci\u00f3n que ahora se aborda.<\/p>\n<p style=\"text-align: right;\"><em>Miguel Cajigal, historiador del arte<\/em><\/p>\n<p style=\"text-align: center;\"><a href=\"http:\/\/www.crearestauracion.es\/pinturasnogueira\/wp-content\/uploads\/2012\/11\/foto-1Cartel-Chantada2.jpg\"><img loading=\"lazy\" decoding=\"async\" class=\"aligncenter size-full wp-image-31\" title=\"foto-1Cartel-Chantada2\" alt=\"\" src=\"http:\/\/www.crearestauracion.es\/pinturasnogueira\/wp-content\/uploads\/2012\/11\/foto-1Cartel-Chantada2.jpg\" width=\"720\" height=\"478\" srcset=\"http:\/\/www.crearestauracion.es\/pinturasnogueira\/wp-content\/uploads\/2012\/11\/foto-1Cartel-Chantada2.jpg 720w, http:\/\/www.crearestauracion.es\/pinturasnogueira\/wp-content\/uploads\/2012\/11\/foto-1Cartel-Chantada2-300x199.jpg 300w\" sizes=\"(max-width: 720px) 100vw, 720px\" \/><\/a><\/p>\n<h3>Informaci\u00f3n hist\u00f3rica y art\u00edstica sobre el presbiterio<\/h3>\n<p>La informaci\u00f3n hist\u00f3rica y art\u00edstica del presbiterio es complicada de resumir por la mezcla de t\u00e9cnicas y autores que han intervenido, por tanto y con permiso del autor, os adjuntamos el informe hist\u00f3rico completo:<\/p>\n<p><a href=\"http:\/\/www.crearestauracion.es\/pinturasnogueira\/wp-content\/uploads\/2012\/11\/Nogueira-2017.pdf\">Nogueira 2017<\/a><\/p>\n<p><a href=\"http:\/\/www.crearestauracion.es\/pinturasnogueira\/wp-content\/uploads\/2018\/02\/FOTO.CREA_NOGUEIRA_PresbiterioyRetablo-706-B.jpg\"><img loading=\"lazy\" decoding=\"async\" class=\"aligncenter size-full wp-image-327\" alt=\"FOTO.CREA_NOGUEIRA_PresbiterioyRetablo-706- B\" src=\"http:\/\/www.crearestauracion.es\/pinturasnogueira\/wp-content\/uploads\/2018\/02\/FOTO.CREA_NOGUEIRA_PresbiterioyRetablo-706-B.jpg\" width=\"719\" height=\"480\" srcset=\"http:\/\/www.crearestauracion.es\/pinturasnogueira\/wp-content\/uploads\/2018\/02\/FOTO.CREA_NOGUEIRA_PresbiterioyRetablo-706-B.jpg 719w, http:\/\/www.crearestauracion.es\/pinturasnogueira\/wp-content\/uploads\/2018\/02\/FOTO.CREA_NOGUEIRA_PresbiterioyRetablo-706-B-300x200.jpg 300w\" sizes=\"(max-width: 719px) 100vw, 719px\" \/><\/a><\/p>\n","protected":false},"excerpt":{"rendered":"<p>Informaci\u00f3n hist\u00f3rica y art\u00edstica sobre el muro norte Las pinturas murales de Santa Mar\u00eda de Nogueira datan de mediados del siglo XVI, realizadas al fresco sobre un mortero de cal y arena. Se atribuyen al llamado Maestro de Nogueira, activo en la zona desde 1560 seg\u00fan Jos\u00e9 Manuel Garc\u00eda Iglesias (1979). La gran relevancia del [&hellip;]<\/p>\n","protected":false},"author":1,"featured_media":0,"parent":0,"menu_order":1,"comment_status":"closed","ping_status":"closed","template":"","meta":{"footnotes":""},"class_list":["post-36","page","type-page","status-publish","hentry","content-columns-1"],"_links":{"self":[{"href":"http:\/\/www.crearestauracion.es\/pinturasnogueira\/index.php?rest_route=\/wp\/v2\/pages\/36"}],"collection":[{"href":"http:\/\/www.crearestauracion.es\/pinturasnogueira\/index.php?rest_route=\/wp\/v2\/pages"}],"about":[{"href":"http:\/\/www.crearestauracion.es\/pinturasnogueira\/index.php?rest_route=\/wp\/v2\/types\/page"}],"author":[{"embeddable":true,"href":"http:\/\/www.crearestauracion.es\/pinturasnogueira\/index.php?rest_route=\/wp\/v2\/users\/1"}],"replies":[{"embeddable":true,"href":"http:\/\/www.crearestauracion.es\/pinturasnogueira\/index.php?rest_route=%2Fwp%2Fv2%2Fcomments&post=36"}],"version-history":[{"count":13,"href":"http:\/\/www.crearestauracion.es\/pinturasnogueira\/index.php?rest_route=\/wp\/v2\/pages\/36\/revisions"}],"predecessor-version":[{"id":343,"href":"http:\/\/www.crearestauracion.es\/pinturasnogueira\/index.php?rest_route=\/wp\/v2\/pages\/36\/revisions\/343"}],"wp:attachment":[{"href":"http:\/\/www.crearestauracion.es\/pinturasnogueira\/index.php?rest_route=%2Fwp%2Fv2%2Fmedia&parent=36"}],"curies":[{"name":"wp","href":"https:\/\/api.w.org\/{rel}","templated":true}]}}