{"id":11,"date":"2012-11-05T22:33:32","date_gmt":"2012-11-05T22:33:32","guid":{"rendered":"http:\/\/www.crearestauracion.es\/pinturasnogueira\/?page_id=11"},"modified":"2018-02-18T22:53:48","modified_gmt":"2018-02-18T22:53:48","slug":"los-datos","status":"publish","type":"page","link":"http:\/\/www.crearestauracion.es\/pinturasnogueira\/?page_id=11","title":{"rendered":"La obra"},"content":{"rendered":"<p style=\"text-align: left;\"><strong style=\"color: inherit;\">RESTAURACI\u00d3N DE LA CABECERA, PINTURA MURAL Y RETABLO, DE LA IGLESIA DE SANTA MAR\u00cdA DE NOGUEIRA DE MI\u00d1O. CHANTADA (LUGO).\u00a0<\/strong><\/p>\n<p><strong>PRESUPUESTO<\/strong>: 52.584,23 \u20ac (IVA INCLUIDO)<\/p>\n<p><strong>PROMOTOR<\/strong>: DIRECCI\u00d3N XERAL DO PATRIMONIO CULTURAL. SECRETAR\u00cdA XERAL DE CULTURA<br \/>\nCONSELLER\u00cdA DE CULTURA, EDUCACI\u00d3N E ORDENACI\u00d3N UNIVERSITARIA DA XUNTA DE GALICIA<\/p>\n<p>OPERACI\u00d3N COFINANCIADA POR LA UNI\u00d3N EUROPEA. PROGRAMA OPERATIVO FEDER GALICIA 2014-2020. CONTRIBUIR A LA CONSERVACI\u00d3N DEL MEDIO AMBIENTE Y DEL PATRIMONIO CULTURAL. UNA MANERA DE HACER EUROPA<\/p>\n<p><strong>PROYECTO<\/strong>: YOLANDA G\u00d3MEZ MIR\u00d3N, MAR MEDINA PUENTE, ROC\u00cdO DOMENECH LABANDEIRA,\u00a0CONSERVADORAS RESTAURADORAS DE BIENES CULTURALES<\/p>\n<p><strong>ADJUDICATARIO<\/strong>: CREA RESTAURACI\u00d3N S.L.<\/p>\n<p>&nbsp;<\/p>\n<p><a href=\"http:\/\/www.crearestauracion.es\/pinturasnogueira\/wp-content\/uploads\/2012\/11\/CREA_NOGUEIRA_PresbiterioyRetablo-432-E.jpg\"><img loading=\"lazy\" decoding=\"async\" class=\"aligncenter size-full wp-image-249\" alt=\"CREA_NOGUEIRA_PresbiterioyRetablo-432- E\" src=\"http:\/\/www.crearestauracion.es\/pinturasnogueira\/wp-content\/uploads\/2012\/11\/CREA_NOGUEIRA_PresbiterioyRetablo-432-E.jpg\" width=\"599\" height=\"400\" srcset=\"http:\/\/www.crearestauracion.es\/pinturasnogueira\/wp-content\/uploads\/2012\/11\/CREA_NOGUEIRA_PresbiterioyRetablo-432-E.jpg 599w, http:\/\/www.crearestauracion.es\/pinturasnogueira\/wp-content\/uploads\/2012\/11\/CREA_NOGUEIRA_PresbiterioyRetablo-432-E-300x200.jpg 300w\" sizes=\"(max-width: 599px) 100vw, 599px\" \/><\/a><\/p>\n<p>&nbsp;<\/p>\n<p><strong>SEGUNDA FASE: RESTAURACI\u00d3N DE LAS PINTURAS MURALES DE LA IGLESIA DE SANTA MAR\u00cdA DE NOGUEIRA DE MI\u00d1O. CHANTADA (LUGO). MURO NORTE DE LA NAVE PRINCIPAL<\/strong><\/p>\n<p><strong>FECHA DE AUTORIZACI\u00d3N DXPC<\/strong>: 11 de octubre de 2012<\/p>\n<p><strong>PRESUPUESTO<\/strong>: 41.873,30 \u20ac (IVA INCLUIDO)<\/p>\n<p><strong>PROMOTOR<\/strong>: DIRECCI\u00d3N XERAL DO PATRIMONIO CULTURAL. SECRETAR\u00cdA XERAL DE CULTURA<br \/>\nCONSELLER\u00cdA DE CULTURA, EDUCACI\u00d3N E ORDENACI\u00d3N UNIVERSITARIA DA XUNTA DE GALICIA<\/p>\n<p><strong>PROYECTO<\/strong>: YOLANDA G\u00d3MEZ MIR\u00d3N, MAR MEDINA PUENTE, ROC\u00cdO DOMENECH LABANDEIRA,\u00a0CONSERVADORAS RESTAURADORAS DE BIENES CULTURALES<\/p>\n<p><strong>ADJUDICATARIO<\/strong>: CREA S.C.<\/p>\n<p>&nbsp;<\/p>\n<p><a href=\"http:\/\/www.crearestauracion.es\/pinturasnogueira\/wp-content\/uploads\/2012\/11\/Cartel-Chantada2.jpg\"><img loading=\"lazy\" decoding=\"async\" class=\"aligncenter size-full wp-image-57\" alt=\"Cartel-Chantada2\" src=\"http:\/\/www.crearestauracion.es\/pinturasnogueira\/wp-content\/uploads\/2012\/11\/Cartel-Chantada2.jpg\" width=\"720\" height=\"720\" srcset=\"http:\/\/www.crearestauracion.es\/pinturasnogueira\/wp-content\/uploads\/2012\/11\/Cartel-Chantada2.jpg 720w, http:\/\/www.crearestauracion.es\/pinturasnogueira\/wp-content\/uploads\/2012\/11\/Cartel-Chantada2-150x150.jpg 150w, http:\/\/www.crearestauracion.es\/pinturasnogueira\/wp-content\/uploads\/2012\/11\/Cartel-Chantada2-300x300.jpg 300w\" sizes=\"(max-width: 720px) 100vw, 720px\" \/><\/a><\/p>\n<p>&nbsp;<\/p>\n","protected":false},"excerpt":{"rendered":"<p>RESTAURACI\u00d3N DE LA CABECERA, PINTURA MURAL Y RETABLO, DE LA IGLESIA DE SANTA MAR\u00cdA DE NOGUEIRA DE MI\u00d1O. CHANTADA (LUGO).\u00a0 PRESUPUESTO: 52.584,23 \u20ac (IVA INCLUIDO) PROMOTOR: DIRECCI\u00d3N XERAL DO PATRIMONIO CULTURAL. SECRETAR\u00cdA XERAL DE CULTURA CONSELLER\u00cdA DE CULTURA, EDUCACI\u00d3N E ORDENACI\u00d3N UNIVERSITARIA DA XUNTA DE GALICIA OPERACI\u00d3N COFINANCIADA POR LA UNI\u00d3N EUROPEA. PROGRAMA OPERATIVO FEDER [&hellip;]<\/p>\n","protected":false},"author":1,"featured_media":0,"parent":0,"menu_order":4,"comment_status":"closed","ping_status":"closed","template":"","meta":{"footnotes":""},"class_list":["post-11","page","type-page","status-publish","hentry","content-columns-1"],"_links":{"self":[{"href":"http:\/\/www.crearestauracion.es\/pinturasnogueira\/index.php?rest_route=\/wp\/v2\/pages\/11"}],"collection":[{"href":"http:\/\/www.crearestauracion.es\/pinturasnogueira\/index.php?rest_route=\/wp\/v2\/pages"}],"about":[{"href":"http:\/\/www.crearestauracion.es\/pinturasnogueira\/index.php?rest_route=\/wp\/v2\/types\/page"}],"author":[{"embeddable":true,"href":"http:\/\/www.crearestauracion.es\/pinturasnogueira\/index.php?rest_route=\/wp\/v2\/users\/1"}],"replies":[{"embeddable":true,"href":"http:\/\/www.crearestauracion.es\/pinturasnogueira\/index.php?rest_route=%2Fwp%2Fv2%2Fcomments&post=11"}],"version-history":[{"count":16,"href":"http:\/\/www.crearestauracion.es\/pinturasnogueira\/index.php?rest_route=\/wp\/v2\/pages\/11\/revisions"}],"predecessor-version":[{"id":347,"href":"http:\/\/www.crearestauracion.es\/pinturasnogueira\/index.php?rest_route=\/wp\/v2\/pages\/11\/revisions\/347"}],"wp:attachment":[{"href":"http:\/\/www.crearestauracion.es\/pinturasnogueira\/index.php?rest_route=%2Fwp%2Fv2%2Fmedia&parent=11"}],"curies":[{"name":"wp","href":"https:\/\/api.w.org\/{rel}","templated":true}]}}