{"id":37,"date":"2013-09-30T19:41:39","date_gmt":"2013-09-30T19:41:39","guid":{"rendered":"http:\/\/www.crearestauracion.es\/?page_id=37"},"modified":"2020-05-18T14:39:16","modified_gmt":"2020-05-18T14:39:16","slug":"contacto","status":"publish","type":"page","link":"http:\/\/www.crearestauracion.es\/?page_id=37","title":{"rendered":"Contacto"},"content":{"rendered":"\n<figure class=\"wp-block-image size-full\"><img loading=\"lazy\" decoding=\"async\" width=\"2560\" height=\"769\" src=\"http:\/\/www.crearestauracion.es\/wp-content\/uploads\/2020\/05\/contacto4-scaled.jpg\" alt=\"\" class=\"wp-image-1001\" srcset=\"http:\/\/www.crearestauracion.es\/wp-content\/uploads\/2020\/05\/contacto4-scaled.jpg 2560w, http:\/\/www.crearestauracion.es\/wp-content\/uploads\/2020\/05\/contacto4-300x90.jpg 300w, http:\/\/www.crearestauracion.es\/wp-content\/uploads\/2020\/05\/contacto4-1024x308.jpg 1024w, http:\/\/www.crearestauracion.es\/wp-content\/uploads\/2020\/05\/contacto4-768x231.jpg 768w, http:\/\/www.crearestauracion.es\/wp-content\/uploads\/2020\/05\/contacto4-1536x461.jpg 1536w, http:\/\/www.crearestauracion.es\/wp-content\/uploads\/2020\/05\/contacto4-2048x615.jpg 2048w\" sizes=\"auto, (max-width: 2560px) 100vw, 2560px\" \/><\/figure>\n\n\n<p>La empresa est\u00e1 ubicada en\u00a0<b>Pontevedra (Galicia, Espa\u00f1a)<\/b>. Nuestro taller no se encuentra abierto al p\u00fablico por motivos de seguridad.<\/p>\n<p>Si desea contactar con <strong>crea restauraci\u00f3n<\/strong>\u00a0puede llamar por tel\u00e9fono o escribirnos a trav\u00e9s del siguiente formulario:<\/p>","protected":false},"excerpt":{"rendered":"<p>La empresa est\u00e1 ubicada en\u00a0Pontevedra (Galicia, Espa\u00f1a). Nuestro taller no se encuentra abierto al p\u00fablico por motivos de seguridad. Si desea contactar con crea restauraci\u00f3n\u00a0puede llamar por tel\u00e9fono o escribirnos a trav\u00e9s del siguiente formulario:<\/p>\n","protected":false},"author":1,"featured_media":0,"parent":0,"menu_order":8,"comment_status":"open","ping_status":"closed","template":"page-contact.php","meta":{"footnotes":""},"class_list":["post-37","page","type-page","status-publish","hentry"],"_links":{"self":[{"href":"http:\/\/www.crearestauracion.es\/index.php?rest_route=\/wp\/v2\/pages\/37","targetHints":{"allow":["GET"]}}],"collection":[{"href":"http:\/\/www.crearestauracion.es\/index.php?rest_route=\/wp\/v2\/pages"}],"about":[{"href":"http:\/\/www.crearestauracion.es\/index.php?rest_route=\/wp\/v2\/types\/page"}],"author":[{"embeddable":true,"href":"http:\/\/www.crearestauracion.es\/index.php?rest_route=\/wp\/v2\/users\/1"}],"replies":[{"embeddable":true,"href":"http:\/\/www.crearestauracion.es\/index.php?rest_route=%2Fwp%2Fv2%2Fcomments&post=37"}],"version-history":[{"count":15,"href":"http:\/\/www.crearestauracion.es\/index.php?rest_route=\/wp\/v2\/pages\/37\/revisions"}],"predecessor-version":[{"id":1002,"href":"http:\/\/www.crearestauracion.es\/index.php?rest_route=\/wp\/v2\/pages\/37\/revisions\/1002"}],"wp:attachment":[{"href":"http:\/\/www.crearestauracion.es\/index.php?rest_route=%2Fwp%2Fv2%2Fmedia&parent=37"}],"curies":[{"name":"wp","href":"https:\/\/api.w.org\/{rel}","templated":true}]}}