{"id":2,"date":"2013-09-29T07:37:49","date_gmt":"2013-09-29T07:37:49","guid":{"rendered":"http:\/\/www.crearestauracion.es\/?page_id=2"},"modified":"2025-03-14T11:51:34","modified_gmt":"2025-03-14T11:51:34","slug":"pagina-ejemplo","status":"publish","type":"page","link":"http:\/\/www.crearestauracion.es\/?page_id=2","title":{"rendered":"Presentaci\u00f3n"},"content":{"rendered":"<table border=\"0\">\n<tbody>\n<tr>\n<td colspan=\"3\"><img loading=\"lazy\" decoding=\"async\" class=\"size-full wp-image-447 aligncenter\" src=\"http:\/\/www.crearestauracion.es\/wp-content\/uploads\/2013\/09\/presentaci\u00f3n-2.jpg\" alt=\"presentaci\u00f3n 2\" width=\"863\" height=\"430\" srcset=\"http:\/\/www.crearestauracion.es\/wp-content\/uploads\/2013\/09\/presentaci\u00f3n-2.jpg 863w, http:\/\/www.crearestauracion.es\/wp-content\/uploads\/2013\/09\/presentaci\u00f3n-2-300x149.jpg 300w\" sizes=\"auto, (max-width: 863px) 100vw, 863px\" \/><\/td>\n<\/tr>\n<tr>\n<td style=\"width: 20px;\"><\/td>\n<td><\/td>\n<td style=\"width: 20px;\"><\/td>\n<\/tr>\n<\/tbody>\n<\/table>\n<p><strong><b>CREA\u00a0Restauraci\u00f3n<\/b>\u00a0se dedica a estudiar, conservar y restaurar el patrimonio desde el 2008.<\/strong><\/p>\n<p>Cuidar y proteger el patrimonio art\u00edstico es nuestro objetivo principal. El patrimonio es la mejor carta de presentaci\u00f3n de un pueblo y como tal, conservarlo para generaciones futuras es obligaci\u00f3n de todos.<\/p>\n<p>La gran variedad de t\u00e9cnicas y materiales utilizados a lo largo de la historia para la creaci\u00f3n art\u00edstica hacen necesario contar con especialistas en conservaci\u00f3n-restauraci\u00f3n que por sus conocimientos y experiencia aseguren los tratamientos m\u00e1s adecuados para cada obra.<\/p>\n<p style=\"text-align: justify;\"><b>CREA Restauraci\u00f3n<\/b>\u00a0le ofrece un servicio integral de conservaci\u00f3n, restauraci\u00f3n y estudios de arte. Pone a su disposici\u00f3n un grupo de profesionales con amplia experiencia en todo tipo de materiales.<\/p>\n<p style=\"text-align: justify;\">El equipo de\u00a0<strong>CREA R<\/strong><b>estauraci\u00f3n<\/b>\u00a0se preocupa por estar permanentemente al d\u00eda en avances t\u00e9cnicos aplicados a los tratamientos de conservaci\u00f3n y restauraci\u00f3n. Los a\u00f1os de trayectoria profesional como restauradores de arte son una garant\u00eda para cada obra.<\/p>\n<p><strong>CREA\u00a0Restauraci\u00f3n<\/strong> desarrolla sus actividades desde la <strong>\u00e9tica empresarial<\/strong>, comprometi\u00e9ndose a actuar de modo <strong>responsable y sostenible<\/strong> en relaci\u00f3n a nuestro entorno as\u00ed como a generar riqueza y\u00a0<strong>bienestar para la sociedad\u00a0en <\/strong>sus actuaciones con el Patrimonio.<\/p>\n<p>Compromiso de\u00a0<strong>CREA R<\/strong><b>estauraci\u00f3n<\/b>:<\/p>\n<p>Cumplimiento de los criterios internacionales de restauraci\u00f3n:<\/p>\n<p>&#8211; M\u00ednima intervenci\u00f3n.<\/p>\n<p>&#8211; Uso de materiales compatibles inertes, estables y reversibles.<\/p>\n<p>&#8211; Documentaci\u00f3n detallada de los procesos.<\/p>\n<p>&#8211; Diferenciaci\u00f3n de la intervenci\u00f3n<\/p>\n<p>Informaci\u00f3n peri\u00f3dica del transcurso de la restauraci\u00f3n.<\/p>\n<p>En obras in situ, adaptabilidad del horario y m\u00e1ximo respeto en el lugar de trabajo.<\/p>\n<p>Respeto al medio ambiente en la utilizaci\u00f3n de materiales y gesti\u00f3n responsable de los residuos t\u00f3xicos producidos.<\/p>\n<p>&nbsp;<\/p>\n<p>En<strong>\u00a0CREA Restauraci\u00f3n\u00a0<\/strong>trabajamos tanto para el sector p\u00fablico como el privado. Nuestros t\u00e9cnicos se encargar\u00e1n adem\u00e1s de tramitar todos los permisos necesarios. Solicite presupuesto sin compromiso.<\/p>\n<p>&nbsp;<\/p>\n<table border=\"0\">\n<tbody>\n<tr>\n<td colspan=\"3\"><img loading=\"lazy\" decoding=\"async\" class=\"size-full wp-image-447 aligncenter\" src=\"http:\/\/www.crearestauracion.es\/wp-content\/uploads\/2013\/09\/presentaci\u00f3n-31.jpg\" alt=\"presentaci\u00f3n 3\" width=\"863\" height=\"369\" \/><\/td>\n<\/tr>\n<tr>\n<td style=\"width: 20px;\"><\/td>\n<td><\/td>\n<td style=\"width: 20px;\"><\/td>\n<\/tr>\n<\/tbody>\n<\/table>\n<p style=\"text-align: justify;\">\n","protected":false},"excerpt":{"rendered":"<p>CREA\u00a0Restauraci\u00f3n\u00a0se dedica a estudiar, conservar y restaurar el patrimonio desde el 2008. Cuidar y proteger el patrimonio art\u00edstico es nuestro objetivo principal. El patrimonio es la mejor carta de presentaci\u00f3n de un pueblo y como tal, conservarlo para generaciones futuras es obligaci\u00f3n de todos. La gran variedad de t\u00e9cnicas y materiales utilizados a lo largo [&hellip;]<\/p>\n","protected":false},"author":1,"featured_media":0,"parent":0,"menu_order":1,"comment_status":"closed","ping_status":"open","template":"page-full_width.php","meta":{"footnotes":""},"class_list":["post-2","page","type-page","status-publish","hentry"],"_links":{"self":[{"href":"http:\/\/www.crearestauracion.es\/index.php?rest_route=\/wp\/v2\/pages\/2","targetHints":{"allow":["GET"]}}],"collection":[{"href":"http:\/\/www.crearestauracion.es\/index.php?rest_route=\/wp\/v2\/pages"}],"about":[{"href":"http:\/\/www.crearestauracion.es\/index.php?rest_route=\/wp\/v2\/types\/page"}],"author":[{"embeddable":true,"href":"http:\/\/www.crearestauracion.es\/index.php?rest_route=\/wp\/v2\/users\/1"}],"replies":[{"embeddable":true,"href":"http:\/\/www.crearestauracion.es\/index.php?rest_route=%2Fwp%2Fv2%2Fcomments&post=2"}],"version-history":[{"count":138,"href":"http:\/\/www.crearestauracion.es\/index.php?rest_route=\/wp\/v2\/pages\/2\/revisions"}],"predecessor-version":[{"id":1074,"href":"http:\/\/www.crearestauracion.es\/index.php?rest_route=\/wp\/v2\/pages\/2\/revisions\/1074"}],"wp:attachment":[{"href":"http:\/\/www.crearestauracion.es\/index.php?rest_route=%2Fwp%2Fv2%2Fmedia&parent=2"}],"curies":[{"name":"wp","href":"https:\/\/api.w.org\/{rel}","templated":true}]}}